{"id":6861,"date":"2019-01-31T12:16:31","date_gmt":"2019-01-31T10:16:31","guid":{"rendered":"https:\/\/wistec.fi\/?page_id=6861"},"modified":"2019-03-13T14:21:47","modified_gmt":"2019-03-13T12:21:47","slug":"blog","status":"publish","type":"page","link":"https:\/\/trainings.eduhouse.fi\/en\/blog\/","title":{"rendered":"Blog"},"content":{"rendered":"\t<section class=\"section\" id=\"section_268268286\">\n\t\t<div class=\"bg section-bg fill bg-fill bg-loaded \" >\n\n\t\t\t\n\t\t\t<div class=\"section-bg-overlay absolute fill\"><\/div>\n\t\t\t\n\n\t\t<\/div>\n\n\t\t<div class=\"section-content relative\">\n\t\t\t\n<div class=\"row align-middle ylasivun_otsikko\"  id=\"row-1749266866\">\n\n\t<div id=\"col-706648464\" class=\"col alasivun_otsikko small-12 large-12\"  >\n\t\t<div class=\"col-inner text-center dark\"  >\n\t\t\t\n\t\t\t\n<h1>Blog<\/h1>\n\t\t<\/div>\n\t\t\t<\/div>\n\n\t\n<\/div>\n\t\t<\/div>\n\n\t\t\n<style>\n#section_268268286 {\n  padding-top: 0px;\n  padding-bottom: 0px;\n}\n#section_268268286 .section-bg-overlay {\n  background-color: rgba(255, 153, 0, 0.9);\n}\n#section_268268286 .section-bg.bg-loaded {\n  background-image: url(https:\/\/trainings.eduhouse.fi\/wp-content\/uploads\/2018\/12\/yritys_mv.jpg);\n}\n#section_268268286 .section-bg {\n  background-position: 34% 48%;\n}\n<\/style>\n\t<\/section>\n\t\n\t<section class=\"section\" id=\"section_1636916340\">\n\t\t<div class=\"bg section-bg fill bg-fill bg-loaded bg-loaded\" >\n\n\t\t\t\n\t\t\t\n\t\t\t\n\n\t\t<\/div>\n\n\t\t<div class=\"section-content relative\">\n\t\t\t\n<div class=\"row\"  id=\"row-48075266\">\n\n\t<div id=\"col-1301831353\" class=\"col small-12 large-12\"  >\n\t\t<div class=\"col-inner\"  >\n\t\t\t\n\t\t\t\n\n  \n    <div class=\"row large-columns-3 medium-columns-2 small-columns-1\">\n  \t\t<div class=\"col post-item\" >\n\t\t\t<div class=\"col-inner\">\n\t\t\t<a href=\"https:\/\/trainings.eduhouse.fi\/en\/english\/wistec-training-and-eduhouse-merge-our-name-is-eduhouse-ltd-from-1st-february-2022\/\" class=\"plain\">\n\t\t\t\t<div class=\"box box-normal box-text-bottom box-blog-post has-hover\">\n            \t\t\t\t\t<div class=\"box-image\" >\n  \t\t\t\t\t\t<div class=\"image-cover\" style=\"padding-top:56.25%;\">\n  \t\t\t\t\t\t\t<img loading=\"lazy\" decoding=\"async\" width=\"300\" height=\"150\" src=\"https:\/\/trainings.eduhouse.fi\/wp-content\/uploads\/2021\/12\/Juha-Huhtanen_Mikko-Suikkari_Ilkka-Pekka-Rantanen_tw-300x150.jpg\" class=\"attachment-medium size-medium wp-post-image\" alt=\"Blog\" srcset=\"https:\/\/trainings.eduhouse.fi\/wp-content\/uploads\/2021\/12\/Juha-Huhtanen_Mikko-Suikkari_Ilkka-Pekka-Rantanen_tw-300x150.jpg 300w, https:\/\/trainings.eduhouse.fi\/wp-content\/uploads\/2021\/12\/Juha-Huhtanen_Mikko-Suikkari_Ilkka-Pekka-Rantanen_tw-768x384.jpg 768w, https:\/\/trainings.eduhouse.fi\/wp-content\/uploads\/2021\/12\/Juha-Huhtanen_Mikko-Suikkari_Ilkka-Pekka-Rantanen_tw-510x255.jpg 510w, https:\/\/trainings.eduhouse.fi\/wp-content\/uploads\/2021\/12\/Juha-Huhtanen_Mikko-Suikkari_Ilkka-Pekka-Rantanen_tw.jpg 1024w\" sizes=\"auto, (max-width: 300px) 100vw, 300px\" \/>  \t\t\t\t\t\t\t  \t\t\t\t\t\t\t  \t\t\t\t\t\t<\/div>\n  \t\t\t\t\t\t  \t\t\t\t\t<\/div>\n          \t\t\t\t\t<div class=\"box-text text-left is-xlarge\" >\n\t\t\t\t\t<div class=\"box-text-inner blog-post-inner\">\n\n\t\t\t\t\t\n\t\t\t\t\t\t\t\t\t\t<h5 class=\"post-title is-large \">Wistec Training and Eduhouse merge \u2013 Our name is Eduhouse Ltd from 1st February 2022<\/h5>\n\t\t\t\t\t<div class=\"post-meta is-small op-8\">18.1.2022<\/div>\t\t\t\t\t<div class=\"is-divider\"><\/div>\n\t\t\t\t\t\t\t\t\t\t<p class=\"from_the_blog_excerpt \">The Nordic elite of e-learning services will be sharpened when the ICT training companies Wistec [...]\t\t\t\t\t<\/p>\n\t\t\t\t\t                    \n\t\t\t\t\t\n\t\t\t\t\t\n\t\t\t\t\t<\/div>\n\t\t\t\t\t<\/div>\n\t\t\t\t\t\t\t\t\t<\/div>\n\t\t\t\t<\/a>\n\t\t\t<\/div>\n\t\t<\/div>\n\t\t<div class=\"col post-item\" >\n\t\t\t<div class=\"col-inner\">\n\t\t\t<a href=\"https:\/\/trainings.eduhouse.fi\/en\/english\/strong-financial-statements-for-the-year-of-coronavirus\/\" class=\"plain\">\n\t\t\t\t<div class=\"box box-normal box-text-bottom box-blog-post has-hover\">\n            \t\t\t\t\t<div class=\"box-image\" >\n  \t\t\t\t\t\t<div class=\"image-cover\" style=\"padding-top:56.25%;\">\n  \t\t\t\t\t\t\t<img loading=\"lazy\" decoding=\"async\" width=\"300\" height=\"158\" src=\"https:\/\/trainings.eduhouse.fi\/wp-content\/uploads\/2021\/04\/Juha-tilinpaatos_2021-300x158.jpg\" class=\"attachment-medium size-medium wp-post-image\" alt=\"Juha Huhtasen tilinp\u00e4\u00e4t\u00f6s 2021 blogi\" srcset=\"https:\/\/trainings.eduhouse.fi\/wp-content\/uploads\/2021\/04\/Juha-tilinpaatos_2021-300x158.jpg 300w, https:\/\/trainings.eduhouse.fi\/wp-content\/uploads\/2021\/04\/Juha-tilinpaatos_2021-1024x538.jpg 1024w, https:\/\/trainings.eduhouse.fi\/wp-content\/uploads\/2021\/04\/Juha-tilinpaatos_2021-768x403.jpg 768w, https:\/\/trainings.eduhouse.fi\/wp-content\/uploads\/2021\/04\/Juha-tilinpaatos_2021-510x268.jpg 510w, https:\/\/trainings.eduhouse.fi\/wp-content\/uploads\/2021\/04\/Juha-tilinpaatos_2021.jpg 1200w\" sizes=\"auto, (max-width: 300px) 100vw, 300px\" \/>  \t\t\t\t\t\t\t  \t\t\t\t\t\t\t  \t\t\t\t\t\t<\/div>\n  \t\t\t\t\t\t  \t\t\t\t\t<\/div>\n          \t\t\t\t\t<div class=\"box-text text-left is-xlarge\" >\n\t\t\t\t\t<div class=\"box-text-inner blog-post-inner\">\n\n\t\t\t\t\t\n\t\t\t\t\t\t\t\t\t\t<h5 class=\"post-title is-large \">Strong financial statements for the year of coronavirus<\/h5>\n\t\t\t\t\t<div class=\"post-meta is-small op-8\">14.4.2021<\/div>\t\t\t\t\t<div class=\"is-divider\"><\/div>\n\t\t\t\t\t\t\t\t\t\t<p class=\"from_the_blog_excerpt \">The sixth financial year of Wistec ended on 28th February 2021. Before going in more [...]\t\t\t\t\t<\/p>\n\t\t\t\t\t                    \n\t\t\t\t\t\n\t\t\t\t\t\n\t\t\t\t\t<\/div>\n\t\t\t\t\t<\/div>\n\t\t\t\t\t\t\t\t\t<\/div>\n\t\t\t\t<\/a>\n\t\t\t<\/div>\n\t\t<\/div>\n\t\t<div class=\"col post-item\" >\n\t\t\t<div class=\"col-inner\">\n\t\t\t<a href=\"https:\/\/trainings.eduhouse.fi\/en\/english\/the-fifth-financial-statements-mean-giving-up-the-baby-pants\/\" class=\"plain\">\n\t\t\t\t<div class=\"box box-normal box-text-bottom box-blog-post has-hover\">\n            \t\t\t\t\t<div class=\"box-image\" >\n  \t\t\t\t\t\t<div class=\"image-cover\" style=\"padding-top:56.25%;\">\n  \t\t\t\t\t\t\t<img loading=\"lazy\" decoding=\"async\" width=\"300\" height=\"200\" src=\"https:\/\/trainings.eduhouse.fi\/wp-content\/uploads\/2020\/03\/Juha-Huhtanen_2020_web-300x200.jpg\" class=\"attachment-medium size-medium wp-post-image\" alt=\"Wistecin toimitusjohtaja Juha Huhtasen blogi tilinp\u00e4\u00e4t\u00f6ksest\u00e4\" srcset=\"https:\/\/trainings.eduhouse.fi\/wp-content\/uploads\/2020\/03\/Juha-Huhtanen_2020_web-300x200.jpg 300w, https:\/\/trainings.eduhouse.fi\/wp-content\/uploads\/2020\/03\/Juha-Huhtanen_2020_web-768x512.jpg 768w, https:\/\/trainings.eduhouse.fi\/wp-content\/uploads\/2020\/03\/Juha-Huhtanen_2020_web-1024x683.jpg 1024w, https:\/\/trainings.eduhouse.fi\/wp-content\/uploads\/2020\/03\/Juha-Huhtanen_2020_web-510x340.jpg 510w, https:\/\/trainings.eduhouse.fi\/wp-content\/uploads\/2020\/03\/Juha-Huhtanen_2020_web.jpg 1200w\" sizes=\"auto, (max-width: 300px) 100vw, 300px\" \/>  \t\t\t\t\t\t\t  \t\t\t\t\t\t\t  \t\t\t\t\t\t<\/div>\n  \t\t\t\t\t\t  \t\t\t\t\t<\/div>\n          \t\t\t\t\t<div class=\"box-text text-left is-xlarge\" >\n\t\t\t\t\t<div class=\"box-text-inner blog-post-inner\">\n\n\t\t\t\t\t\n\t\t\t\t\t\t\t\t\t\t<h5 class=\"post-title is-large \">The fifth financial statements mean giving up the baby pants<\/h5>\n\t\t\t\t\t<div class=\"post-meta is-small op-8\">31.3.2020<\/div>\t\t\t\t\t<div class=\"is-divider\"><\/div>\n\t\t\t\t\t\t\t\t\t\t<p class=\"from_the_blog_excerpt \">Wistec\u2019s fifth financial year ended on 29 February 2020, so we do not walk in [...]\t\t\t\t\t<\/p>\n\t\t\t\t\t                    \n\t\t\t\t\t\n\t\t\t\t\t\n\t\t\t\t\t<\/div>\n\t\t\t\t\t<\/div>\n\t\t\t\t\t\t\t\t\t<\/div>\n\t\t\t\t<\/a>\n\t\t\t<\/div>\n\t\t<\/div>\n\t\t<div class=\"col post-item\" >\n\t\t\t<div class=\"col-inner\">\n\t\t\t<a href=\"https:\/\/trainings.eduhouse.fi\/en\/english\/online-learning-as-an-alternative-way-to-the-learning-path\/\" class=\"plain\">\n\t\t\t\t<div class=\"box box-normal box-text-bottom box-blog-post has-hover\">\n            \t\t\t\t\t<div class=\"box-image\" >\n  \t\t\t\t\t\t<div class=\"image-cover\" style=\"padding-top:56.25%;\">\n  \t\t\t\t\t\t\t<img loading=\"lazy\" decoding=\"async\" width=\"300\" height=\"89\" src=\"https:\/\/trainings.eduhouse.fi\/wp-content\/uploads\/2019\/03\/Online-learning-as-an-alternative-way-to-the-learning-path_Wistec-blog-300x89.jpg\" class=\"attachment-medium size-medium wp-post-image\" alt=\"Wistec blog: Online learning as an alternative way to the learning path\" srcset=\"https:\/\/trainings.eduhouse.fi\/wp-content\/uploads\/2019\/03\/Online-learning-as-an-alternative-way-to-the-learning-path_Wistec-blog-300x89.jpg 300w, https:\/\/trainings.eduhouse.fi\/wp-content\/uploads\/2019\/03\/Online-learning-as-an-alternative-way-to-the-learning-path_Wistec-blog-510x151.jpg 510w, https:\/\/trainings.eduhouse.fi\/wp-content\/uploads\/2019\/03\/Online-learning-as-an-alternative-way-to-the-learning-path_Wistec-blog.jpg 710w\" sizes=\"auto, (max-width: 300px) 100vw, 300px\" \/>  \t\t\t\t\t\t\t  \t\t\t\t\t\t\t  \t\t\t\t\t\t<\/div>\n  \t\t\t\t\t\t  \t\t\t\t\t<\/div>\n          \t\t\t\t\t<div class=\"box-text text-left is-xlarge\" >\n\t\t\t\t\t<div class=\"box-text-inner blog-post-inner\">\n\n\t\t\t\t\t\n\t\t\t\t\t\t\t\t\t\t<h5 class=\"post-title is-large \">Online learning as an alternative way to the learning path<\/h5>\n\t\t\t\t\t<div class=\"post-meta is-small op-8\">7.3.2019<\/div>\t\t\t\t\t<div class=\"is-divider\"><\/div>\n\t\t\t\t\t\t\t\t\t\t<p class=\"from_the_blog_excerpt \">In my previous blog, I wrote about the change of learning path and I referred [...]\t\t\t\t\t<\/p>\n\t\t\t\t\t                    \n\t\t\t\t\t\n\t\t\t\t\t\n\t\t\t\t\t<\/div>\n\t\t\t\t\t<\/div>\n\t\t\t\t\t\t\t\t\t<\/div>\n\t\t\t\t<\/a>\n\t\t\t<\/div>\n\t\t<\/div>\n\t\t<div class=\"col post-item\" >\n\t\t\t<div class=\"col-inner\">\n\t\t\t<a href=\"https:\/\/trainings.eduhouse.fi\/en\/english\/learning-path-has-changed-are-you-following-it\/\" class=\"plain\">\n\t\t\t\t<div class=\"box box-normal box-text-bottom box-blog-post has-hover\">\n            \t\t\t\t\t<div class=\"box-image\" >\n  \t\t\t\t\t\t<div class=\"image-cover\" style=\"padding-top:56.25%;\">\n  \t\t\t\t\t\t\t<img loading=\"lazy\" decoding=\"async\" width=\"300\" height=\"89\" src=\"https:\/\/trainings.eduhouse.fi\/wp-content\/uploads\/2019\/02\/Learning-path-has-changed-_Wistec-blog-300x89.jpg\" class=\"attachment-medium size-medium wp-post-image\" alt=\"Wistec blog post: Learning path has changed\" srcset=\"https:\/\/trainings.eduhouse.fi\/wp-content\/uploads\/2019\/02\/Learning-path-has-changed-_Wistec-blog-300x89.jpg 300w, https:\/\/trainings.eduhouse.fi\/wp-content\/uploads\/2019\/02\/Learning-path-has-changed-_Wistec-blog-510x151.jpg 510w, https:\/\/trainings.eduhouse.fi\/wp-content\/uploads\/2019\/02\/Learning-path-has-changed-_Wistec-blog.jpg 710w\" sizes=\"auto, (max-width: 300px) 100vw, 300px\" \/>  \t\t\t\t\t\t\t  \t\t\t\t\t\t\t  \t\t\t\t\t\t<\/div>\n  \t\t\t\t\t\t  \t\t\t\t\t<\/div>\n          \t\t\t\t\t<div class=\"box-text text-left is-xlarge\" >\n\t\t\t\t\t<div class=\"box-text-inner blog-post-inner\">\n\n\t\t\t\t\t\n\t\t\t\t\t\t\t\t\t\t<h5 class=\"post-title is-large \">Learning path has changed \u2013 are you following it?<\/h5>\n\t\t\t\t\t<div class=\"post-meta is-small op-8\">28.2.2019<\/div>\t\t\t\t\t<div class=\"is-divider\"><\/div>\n\t\t\t\t\t\t\t\t\t\t<p class=\"from_the_blog_excerpt \">More customer-oriented planning and more time for training. Inspired by the research results, Juha Huhtanen [...]\t\t\t\t\t<\/p>\n\t\t\t\t\t                    \n\t\t\t\t\t\n\t\t\t\t\t\n\t\t\t\t\t<\/div>\n\t\t\t\t\t<\/div>\n\t\t\t\t\t\t\t\t\t<\/div>\n\t\t\t\t<\/a>\n\t\t\t<\/div>\n\t\t<\/div>\n\t\t<div class=\"col post-item\" >\n\t\t\t<div class=\"col-inner\">\n\t\t\t<a href=\"https:\/\/trainings.eduhouse.fi\/en\/english\/the-future-of-work-is-in-digital-skills\/\" class=\"plain\">\n\t\t\t\t<div class=\"box box-normal box-text-bottom box-blog-post has-hover\">\n            \t\t\t\t\t<div class=\"box-image\" >\n  \t\t\t\t\t\t<div class=\"image-cover\" style=\"padding-top:56.25%;\">\n  \t\t\t\t\t\t\t<img loading=\"lazy\" decoding=\"async\" width=\"300\" height=\"158\" src=\"https:\/\/trainings.eduhouse.fi\/wp-content\/uploads\/2019\/02\/The-future-of-work-is-in-digital-skills_Wistec-blog-300x158.jpg\" class=\"attachment-medium size-medium wp-post-image\" alt=\"Wistec blog post: The future of work is in digital skills\" srcset=\"https:\/\/trainings.eduhouse.fi\/wp-content\/uploads\/2019\/02\/The-future-of-work-is-in-digital-skills_Wistec-blog-300x158.jpg 300w, https:\/\/trainings.eduhouse.fi\/wp-content\/uploads\/2019\/02\/The-future-of-work-is-in-digital-skills_Wistec-blog-768x404.jpg 768w, https:\/\/trainings.eduhouse.fi\/wp-content\/uploads\/2019\/02\/The-future-of-work-is-in-digital-skills_Wistec-blog.jpg 1024w, https:\/\/trainings.eduhouse.fi\/wp-content\/uploads\/2019\/02\/The-future-of-work-is-in-digital-skills_Wistec-blog-510x268.jpg 510w\" sizes=\"auto, (max-width: 300px) 100vw, 300px\" \/>  \t\t\t\t\t\t\t  \t\t\t\t\t\t\t  \t\t\t\t\t\t<\/div>\n  \t\t\t\t\t\t  \t\t\t\t\t<\/div>\n          \t\t\t\t\t<div class=\"box-text text-left is-xlarge\" >\n\t\t\t\t\t<div class=\"box-text-inner blog-post-inner\">\n\n\t\t\t\t\t\n\t\t\t\t\t\t\t\t\t\t<h5 class=\"post-title is-large \">The future of work is in digital skills<\/h5>\n\t\t\t\t\t<div class=\"post-meta is-small op-8\">6.2.2019<\/div>\t\t\t\t\t<div class=\"is-divider\"><\/div>\n\t\t\t\t\t\t\t\t\t\t<p class=\"from_the_blog_excerpt \">In this blog I would like to explain a bit what role digital skills play [...]\t\t\t\t\t<\/p>\n\t\t\t\t\t                    \n\t\t\t\t\t\n\t\t\t\t\t\n\t\t\t\t\t<\/div>\n\t\t\t\t\t<\/div>\n\t\t\t\t\t\t\t\t\t<\/div>\n\t\t\t\t<\/a>\n\t\t\t<\/div>\n\t\t<\/div>\n<\/div>\n\t\t<\/div>\n\t\t\t<\/div>\n\n\t\n<\/div>\n\t\t<\/div>\n\n\t\t\n<style>\n#section_1636916340 {\n  padding-top: 50px;\n  padding-bottom: 50px;\n}\n<\/style>\n\t<\/section>\n\t\n","protected":false},"excerpt":{"rendered":"","protected":false},"author":3,"featured_media":0,"parent":0,"menu_order":0,"comment_status":"closed","ping_status":"closed","template":"page-blank.php","meta":{"_acf_changed":false,"content-type":"","inline_featured_image":false,"footnotes":""},"class_list":["post-6861","page","type-page","status-publish","hentry"],"acf":[],"_links":{"self":[{"href":"https:\/\/trainings.eduhouse.fi\/en\/wp-json\/wp\/v2\/pages\/6861","targetHints":{"allow":["GET"]}}],"collection":[{"href":"https:\/\/trainings.eduhouse.fi\/en\/wp-json\/wp\/v2\/pages"}],"about":[{"href":"https:\/\/trainings.eduhouse.fi\/en\/wp-json\/wp\/v2\/types\/page"}],"author":[{"embeddable":true,"href":"https:\/\/trainings.eduhouse.fi\/en\/wp-json\/wp\/v2\/users\/3"}],"replies":[{"embeddable":true,"href":"https:\/\/trainings.eduhouse.fi\/en\/wp-json\/wp\/v2\/comments?post=6861"}],"version-history":[{"count":0,"href":"https:\/\/trainings.eduhouse.fi\/en\/wp-json\/wp\/v2\/pages\/6861\/revisions"}],"wp:attachment":[{"href":"https:\/\/trainings.eduhouse.fi\/en\/wp-json\/wp\/v2\/media?parent=6861"}],"curies":[{"name":"wp","href":"https:\/\/api.w.org\/{rel}","templated":true}]}}